{"id":72,"date":"2022-11-05T10:48:45","date_gmt":"2022-11-05T10:48:45","guid":{"rendered":"https:\/\/schulball.scp.ac.at\/?page_id=72"},"modified":"2025-05-09T13:15:34","modified_gmt":"2025-05-09T13:15:34","slug":"home","status":"publish","type":"page","link":"https:\/\/schulball.scp.ac.at\/","title":{"rendered":"Home"},"content":{"rendered":"\t\t<div data-elementor-type=\"wp-page\" data-elementor-id=\"72\" class=\"elementor elementor-72\">\n\t\t\t\t\t\t<section class=\"elementor-section elementor-top-section elementor-element elementor-element-4e403892 elementor-section-height-min-height elementor-section-items-stretch elementor-section-content-middle elementor-section-boxed elementor-section-height-default\" data-id=\"4e403892\" data-element_type=\"section\" data-settings=\"{&quot;background_background&quot;:&quot;slideshow&quot;,&quot;background_slideshow_gallery&quot;:[{&quot;id&quot;:343,&quot;url&quot;:&quot;https:\\\/\\\/schulball.scp.ac.at\\\/wp-content\\\/uploads\\\/2025\\\/04\\\/Screenshot-2025-04-25-162447.png&quot;}],&quot;background_slideshow_slide_duration&quot;:5000,&quot;background_slideshow_slide_transition&quot;:&quot;fade&quot;,&quot;background_slideshow_transition_duration&quot;:500}\">\n\t\t\t\t\t\t<div class=\"elementor-container elementor-column-gap-no\">\n\t\t\t\t\t<div class=\"elementor-column elementor-col-100 elementor-top-column elementor-element elementor-element-1e5dddde\" data-id=\"1e5dddde\" data-element_type=\"column\">\n\t\t\t<div class=\"elementor-widget-wrap elementor-element-populated\">\n\t\t\t\t\t\t<div class=\"elementor-element elementor-element-3d68b908 elementor-widget elementor-widget-heading\" data-id=\"3d68b908\" data-element_type=\"widget\" data-widget_type=\"heading.default\">\n\t\t\t\t<div class=\"elementor-widget-container\">\n\t\t\t\t\t<h1 class=\"elementor-heading-title elementor-size-default\">Der Schulball 2025 des PG\/PRG Sacr\u00e9 Coeur Pressbaum<\/h1>\t\t\t\t<\/div>\n\t\t\t\t<\/div>\n\t\t\t\t<div class=\"elementor-element elementor-element-3d49a3c5 elementor-widget elementor-widget-heading\" data-id=\"3d49a3c5\" data-element_type=\"widget\" data-widget_type=\"heading.default\">\n\t\t\t\t<div class=\"elementor-widget-container\">\n\t\t\t\t\t<h2 class=\"elementor-heading-title elementor-size-xl\">Auch dieses Schuljahr freuen wir uns, zahlreiche G\u00e4ste auf unserem Schulball begr\u00fc\u00dfen zu d\u00fcrfen.<\/h2>\t\t\t\t<\/div>\n\t\t\t\t<\/div>\n\t\t\t\t\t<\/div>\n\t\t<\/div>\n\t\t\t\t\t<\/div>\n\t\t<\/section>\n\t\t\t\t<section class=\"elementor-section elementor-top-section elementor-element elementor-element-1e6fc27 elementor-section-boxed elementor-section-height-default elementor-section-height-default\" data-id=\"1e6fc27\" data-element_type=\"section\">\n\t\t\t\t\t\t<div class=\"elementor-container elementor-column-gap-default\">\n\t\t\t\t\t<div class=\"elementor-column elementor-col-100 elementor-top-column elementor-element elementor-element-2505eda\" data-id=\"2505eda\" data-element_type=\"column\">\n\t\t\t<div class=\"elementor-widget-wrap\">\n\t\t\t\t\t\t\t<\/div>\n\t\t<\/div>\n\t\t\t\t\t<\/div>\n\t\t<\/section>\n\t\t\t\t<section class=\"elementor-section elementor-top-section elementor-element elementor-element-bfbdda7 elementor-section-boxed elementor-section-height-default elementor-section-height-default\" data-id=\"bfbdda7\" data-element_type=\"section\">\n\t\t\t\t\t\t<div class=\"elementor-container elementor-column-gap-default\">\n\t\t\t\t\t<div class=\"elementor-column elementor-col-100 elementor-top-column elementor-element elementor-element-b604581\" data-id=\"b604581\" data-element_type=\"column\">\n\t\t\t<div class=\"elementor-widget-wrap elementor-element-populated\">\n\t\t\t\t\t\t<div class=\"elementor-element elementor-element-e749ad8 elementor-widget elementor-widget-image\" data-id=\"e749ad8\" data-element_type=\"widget\" data-widget_type=\"image.default\">\n\t\t\t\t<div class=\"elementor-widget-container\">\n\t\t\t\t\t\t\t\t\t\t\t\t\t\t\t<img fetchpriority=\"high\" decoding=\"async\" width=\"800\" height=\"504\" src=\"https:\/\/schulball.scp.ac.at\/wp-content\/uploads\/2025\/04\/sponsoren-1-1024x645.png\" class=\"attachment-large size-large wp-image-342\" alt=\"\" srcset=\"https:\/\/schulball.scp.ac.at\/wp-content\/uploads\/2025\/04\/sponsoren-1-1024x645.png 1024w, https:\/\/schulball.scp.ac.at\/wp-content\/uploads\/2025\/04\/sponsoren-1-300x189.png 300w, https:\/\/schulball.scp.ac.at\/wp-content\/uploads\/2025\/04\/sponsoren-1-768x484.png 768w, https:\/\/schulball.scp.ac.at\/wp-content\/uploads\/2025\/04\/sponsoren-1-1536x968.png 1536w, https:\/\/schulball.scp.ac.at\/wp-content\/uploads\/2025\/04\/sponsoren-1-2048x1290.png 2048w\" sizes=\"(max-width: 800px) 100vw, 800px\" \/>\t\t\t\t\t\t\t\t\t\t\t\t\t\t\t<\/div>\n\t\t\t\t<\/div>\n\t\t\t\t<div class=\"elementor-element elementor-element-7c9f8d8 elementor-widget elementor-widget-image\" data-id=\"7c9f8d8\" data-element_type=\"widget\" data-widget_type=\"image.default\">\n\t\t\t\t<div class=\"elementor-widget-container\">\n\t\t\t\t\t\t\t\t\t\t\t\t\t\t\t<img decoding=\"async\" width=\"439\" height=\"176\" src=\"https:\/\/schulball.scp.ac.at\/wp-content\/uploads\/2025\/05\/Screenshot-2025-05-09-150544.png\" class=\"attachment-large size-large wp-image-358\" alt=\"\" srcset=\"https:\/\/schulball.scp.ac.at\/wp-content\/uploads\/2025\/05\/Screenshot-2025-05-09-150544.png 439w, https:\/\/schulball.scp.ac.at\/wp-content\/uploads\/2025\/05\/Screenshot-2025-05-09-150544-300x120.png 300w\" sizes=\"(max-width: 439px) 100vw, 439px\" \/>\t\t\t\t\t\t\t\t\t\t\t\t\t\t\t<\/div>\n\t\t\t\t<\/div>\n\t\t\t\t\t<\/div>\n\t\t<\/div>\n\t\t\t\t\t<\/div>\n\t\t<\/section>\n\t\t\t\t<section class=\"elementor-section elementor-top-section elementor-element elementor-element-40ba1e3b elementor-section-full_width elementor-section-content-middle elementor-section-height-default elementor-section-height-default\" data-id=\"40ba1e3b\" data-element_type=\"section\" data-settings=\"{&quot;background_background&quot;:&quot;classic&quot;}\">\n\t\t\t\t\t\t<div class=\"elementor-container elementor-column-gap-no\">\n\t\t\t\t\t<div class=\"elementor-column elementor-col-100 elementor-top-column elementor-element elementor-element-32461169\" data-id=\"32461169\" data-element_type=\"column\">\n\t\t\t<div class=\"elementor-widget-wrap elementor-element-populated\">\n\t\t\t\t\t\t<div class=\"elementor-element elementor-element-52c7719e elementor-widget elementor-widget-heading\" data-id=\"52c7719e\" data-element_type=\"widget\" data-widget_type=\"heading.default\">\n\t\t\t\t<div class=\"elementor-widget-container\">\n\t\t\t\t\t<h5 class=\"elementor-heading-title elementor-size-default\">JETZT SCHON VORMERKEN<\/h5>\t\t\t\t<\/div>\n\t\t\t\t<\/div>\n\t\t\t\t<div class=\"elementor-element elementor-element-670f26b5 elementor-widget elementor-widget-heading\" data-id=\"670f26b5\" data-element_type=\"widget\" data-widget_type=\"heading.default\">\n\t\t\t\t<div class=\"elementor-widget-container\">\n\t\t\t\t\t<h2 class=\"elementor-heading-title elementor-size-default\">16. Mai 2025<\/h2>\t\t\t\t<\/div>\n\t\t\t\t<\/div>\n\t\t\t\t<div class=\"elementor-element elementor-element-a0ebceb elementor-widget elementor-widget-spacer\" data-id=\"a0ebceb\" data-element_type=\"widget\" data-widget_type=\"spacer.default\">\n\t\t\t\t<div class=\"elementor-widget-container\">\n\t\t\t\t\t\t\t<div class=\"elementor-spacer\">\n\t\t\t<div class=\"elementor-spacer-inner\"><\/div>\n\t\t<\/div>\n\t\t\t\t\t\t<\/div>\n\t\t\t\t<\/div>\n\t\t\t\t<div class=\"elementor-element elementor-element-3be0a55 elementor-widget elementor-widget-heading\" data-id=\"3be0a55\" data-element_type=\"widget\" data-widget_type=\"heading.default\">\n\t\t\t\t<div class=\"elementor-widget-container\">\n\t\t\t\t\t<h3 class=\"elementor-heading-title elementor-size-large\">Hotel Steinberger, 3033 Altlengbach<\/h3>\t\t\t\t<\/div>\n\t\t\t\t<\/div>\n\t\t\t\t<div class=\"elementor-element elementor-element-3eb44de elementor-widget__width-auto elementor-widget-mobile__width-initial elementor-absolute elementor-hidden-mobile elementor-widget elementor-widget-eael-countdown\" data-id=\"3eb44de\" data-element_type=\"widget\" data-settings=\"{&quot;_position&quot;:&quot;absolute&quot;}\" data-widget_type=\"eael-countdown.default\">\n\t\t\t\t<div class=\"elementor-widget-container\">\n\t\t\t\t\t\n\t\t<div class=\"eael-countdown-wrapper\" data-countdown-id=\"3eb44de\" data-expire-type=\"none\" data-countdown-type=\"due_date\">\n\t\t\t<div class=\"eael-countdown-container eael-countdown-label-inline  eael-countdown-label-inline-mobile eael-countdown-show-separator eael-countdown-separator-solid\">\n                                    <ul id=\"eael-countdown-3eb44de\" class=\"eael-countdown-items\" data-date=\"May 16 2025 20:00:00 +0\">\n                        <li class=\"eael-countdown-item\"><div class=\"eael-countdown-days\"><span data-days class=\"eael-countdown-digits\">00<\/span><span class=\"eael-countdown-label\"> Tage<\/span><\/div><\/li>                        <li class=\"eael-countdown-item\"><div class=\"eael-countdown-hours\"><span data-hours class=\"eael-countdown-digits\">00<\/span><span class=\"eael-countdown-label\">    Std<\/span><\/div><\/li>                        <li class=\"eael-countdown-item\"><div class=\"eael-countdown-minutes\"><span data-minutes class=\"eael-countdown-digits\">00<\/span><span class=\"eael-countdown-label\"> Min<\/span><\/div><\/li>                        <li class=\"eael-countdown-item\"><div class=\"eael-countdown-seconds\"><span data-seconds class=\"eael-countdown-digits\">00<\/span><span class=\"eael-countdown-label\"> Sek<\/span><\/div><\/li>                    <\/ul>\n                    <div class=\"eael-countdown-expiry-template\" style=\"display: none;\">\n                                            <\/div>\n               \n\t\t\t    <div class=\"clearfix\"><\/div>\n\t\t\t<\/div>\n\t\t<\/div>\n\n\t\t\t\t\t<\/div>\n\t\t\t\t<\/div>\n\t\t\t\t\t<\/div>\n\t\t<\/div>\n\t\t\t\t\t<\/div>\n\t\t<\/section>\n\t\t\t\t<section class=\"elementor-section elementor-top-section elementor-element elementor-element-ab3dfed elementor-section-boxed elementor-section-height-default elementor-section-height-default\" data-id=\"ab3dfed\" data-element_type=\"section\">\n\t\t\t\t\t\t<div class=\"elementor-container elementor-column-gap-default\">\n\t\t\t\t\t<div class=\"elementor-column elementor-col-100 elementor-top-column elementor-element elementor-element-852b050\" data-id=\"852b050\" data-element_type=\"column\">\n\t\t\t<div class=\"elementor-widget-wrap elementor-element-populated\">\n\t\t\t\t\t\t<div class=\"elementor-element elementor-element-894a617 elementor-widget elementor-widget-spacer\" data-id=\"894a617\" data-element_type=\"widget\" data-widget_type=\"spacer.default\">\n\t\t\t\t<div class=\"elementor-widget-container\">\n\t\t\t\t\t\t\t<div class=\"elementor-spacer\">\n\t\t\t<div class=\"elementor-spacer-inner\"><\/div>\n\t\t<\/div>\n\t\t\t\t\t\t<\/div>\n\t\t\t\t<\/div>\n\t\t\t\t<div class=\"elementor-element elementor-element-86958cf elementor-widget elementor-widget-google_maps\" data-id=\"86958cf\" data-element_type=\"widget\" data-widget_type=\"google_maps.default\">\n\t\t\t\t<div class=\"elementor-widget-container\">\n\t\t\t\t\t\t\t<div class=\"elementor-custom-embed\">\n\t\t\t<iframe loading=\"lazy\"\n\t\t\t\t\tsrc=\"https:\/\/maps.google.com\/maps?q=Das%20Steinberger&#038;t=m&#038;z=9&#038;output=embed&#038;iwloc=near\"\n\t\t\t\t\ttitle=\"Das Steinberger\"\n\t\t\t\t\taria-label=\"Das Steinberger\"\n\t\t\t><\/iframe>\n\t\t<\/div>\n\t\t\t\t\t\t<\/div>\n\t\t\t\t<\/div>\n\t\t\t\t<div class=\"elementor-element elementor-element-22aaac8 elementor-widget elementor-widget-text-editor\" data-id=\"22aaac8\" data-element_type=\"widget\" data-widget_type=\"text-editor.default\">\n\t\t\t\t<div class=\"elementor-widget-container\">\n\t\t\t\t\t\t\t\t\t<h6>Alle Informationen zur Location finden Sie hier: <a href=\"https:\/\/www.hotel-steinberger.at\/\">https:\/\/www.hotel-steinberger.at\/<\/a><\/h6>\t\t\t\t\t\t\t\t<\/div>\n\t\t\t\t<\/div>\n\t\t\t\t\t<\/div>\n\t\t<\/div>\n\t\t\t\t\t<\/div>\n\t\t<\/section>\n\t\t\t\t<\/div>\n\t\t","protected":false},"excerpt":{"rendered":"<p>Der Schulball 2025 des PG\/PRG Sacr\u00e9 Coeur Pressbaum Auch dieses Schuljahr freuen wir uns, zahlreiche G\u00e4ste auf unserem Schulball begr\u00fc\u00dfen zu d\u00fcrfen. JETZT SCHON VORMERKEN 16. Mai 2025 Hotel Steinberger, 3033 Altlengbach 00 Tage 00 Std 00 Min 00 Sek Alle Informationen zur Location finden Sie hier: https:\/\/www.hotel-steinberger.at\/<\/p>\n","protected":false},"author":1,"featured_media":0,"parent":0,"menu_order":0,"comment_status":"closed","ping_status":"closed","template":"elementor_header_footer","meta":{"footnotes":""},"class_list":["post-72","page","type-page","status-publish","hentry"],"_links":{"self":[{"href":"https:\/\/schulball.scp.ac.at\/index.php?rest_route=\/wp\/v2\/pages\/72","targetHints":{"allow":["GET"]}}],"collection":[{"href":"https:\/\/schulball.scp.ac.at\/index.php?rest_route=\/wp\/v2\/pages"}],"about":[{"href":"https:\/\/schulball.scp.ac.at\/index.php?rest_route=\/wp\/v2\/types\/page"}],"author":[{"embeddable":true,"href":"https:\/\/schulball.scp.ac.at\/index.php?rest_route=\/wp\/v2\/users\/1"}],"replies":[{"embeddable":true,"href":"https:\/\/schulball.scp.ac.at\/index.php?rest_route=%2Fwp%2Fv2%2Fcomments&post=72"}],"version-history":[{"count":124,"href":"https:\/\/schulball.scp.ac.at\/index.php?rest_route=\/wp\/v2\/pages\/72\/revisions"}],"predecessor-version":[{"id":361,"href":"https:\/\/schulball.scp.ac.at\/index.php?rest_route=\/wp\/v2\/pages\/72\/revisions\/361"}],"wp:attachment":[{"href":"https:\/\/schulball.scp.ac.at\/index.php?rest_route=%2Fwp%2Fv2%2Fmedia&parent=72"}],"curies":[{"name":"wp","href":"https:\/\/api.w.org\/{rel}","templated":true}]}}